{"id":7870,"date":"2021-10-22T19:24:21","date_gmt":"2021-10-22T19:24:21","guid":{"rendered":"https:\/\/www.catsnextlove.nl\/?page_id=7870"},"modified":"2021-11-28T22:47:15","modified_gmt":"2021-11-28T22:47:15","slug":"leveringsproblemen-kleuren","status":"publish","type":"page","link":"https:\/\/www.catsnextlove.nl\/home\/te-kiezen-kleuren\/leveringsproblemen-kleuren\/","title":{"rendered":"Leveringsproblemen kleuren"},"content":{"rendered":"\n<p>28 nov. 2021<\/p>\n\n\n\n<p class=\"has-drop-cap\">Een aantal van de kleuren die slecht leverbaar waren, hebben we recent toch kunnen bestellen. Helaas zijn nog niet alle kleuren daarmee  leverbaar geworden.  <br>Momenteel gaat het nog om de volgende kleuren die lastig leverbaar zijn: <\/p>\n\n\n\n<div class=\"wp-block-columns is-layout-flex wp-container-core-columns-is-layout-9d6595d7 wp-block-columns-is-layout-flex\">\n<div class=\"wp-block-column is-layout-flow wp-block-column-is-layout-flow\">\n<div class=\"wp-block-columns is-layout-flex wp-container-core-columns-is-layout-9d6595d7 wp-block-columns-is-layout-flex\">\n<div class=\"wp-block-column is-layout-flow wp-block-column-is-layout-flow\">\n<figure class=\"wp-block-image size-medium\"><img decoding=\"async\" src=\"https:\/\/www.catsnextlove.nl\/wp-content\/uploads\/2021\/10\/Avocado-300x300.png\" alt=\"\" class=\"wp-image-422\"\/><figcaption><strong>Avocado<\/strong><\/figcaption><\/figure>\n<\/div>\n\n\n\n<div class=\"wp-block-column is-layout-flow wp-block-column-is-layout-flow\">\n<figure class=\"wp-block-image size-medium\"><img decoding=\"async\" src=\"https:\/\/www.catsnextlove.nl\/wp-content\/uploads\/2021\/10\/Laurel-300x300.png\" alt=\"\" class=\"wp-image-410\"\/><figcaption><strong>Laurel<\/strong><\/figcaption><\/figure>\n<\/div>\n<\/div>\n<\/div>\n\n\n\n<div class=\"wp-block-column is-layout-flow wp-block-column-is-layout-flow\">\n<div class=\"wp-block-columns is-layout-flex wp-container-core-columns-is-layout-9d6595d7 wp-block-columns-is-layout-flex\">\n<div class=\"wp-block-column is-layout-flow wp-block-column-is-layout-flow\">\n<figure class=\"wp-block-image size-medium\"><img decoding=\"async\" src=\"https:\/\/www.catsnextlove.nl\/wp-content\/uploads\/2021\/10\/Eucalyptus-300x300.png\" alt=\"\" class=\"wp-image-413\"\/><figcaption><strong>Eucalyptus<\/strong><\/figcaption><\/figure>\n<\/div>\n\n\n\n<div class=\"wp-block-column is-layout-flow wp-block-column-is-layout-flow\"><\/div>\n<\/div>\n<\/div>\n<\/div>\n\n\n\n<p>Daarnaast zijn de gelimiteerde zomerkleuren niet (of nauwelijks) meer (bij) te bestellen: <\/p>\n\n\n\n<div class=\"wp-block-columns is-layout-flex wp-container-core-columns-is-layout-9d6595d7 wp-block-columns-is-layout-flex\">\n<div class=\"wp-block-column is-layout-flow wp-block-column-is-layout-flow\">\n<div class=\"wp-block-columns is-layout-flex wp-container-core-columns-is-layout-9d6595d7 wp-block-columns-is-layout-flex\">\n<div class=\"wp-block-column is-layout-flow wp-block-column-is-layout-flow\">\n<figure class=\"wp-block-image size-medium\"><img loading=\"lazy\" decoding=\"async\" width=\"300\" height=\"300\" src=\"https:\/\/www.catsnextlove.nl\/wp-content\/uploads\/2021\/10\/Marble-300x300.png\" alt=\"\" class=\"wp-image-408\" srcset=\"https:\/\/www.catsnextlove.nl\/wp-content\/uploads\/2021\/10\/Marble-300x300.png 300w, https:\/\/www.catsnextlove.nl\/wp-content\/uploads\/2021\/10\/Marble-80x80.png 80w, https:\/\/www.catsnextlove.nl\/wp-content\/uploads\/2021\/10\/Marble-60x60.png 60w, https:\/\/www.catsnextlove.nl\/wp-content\/uploads\/2021\/10\/Marble.png 581w\" sizes=\"auto, (max-width: 300px) 100vw, 300px\" \/><figcaption><strong>Marble<\/strong><\/figcaption><\/figure>\n<\/div>\n\n\n\n<div class=\"wp-block-column is-layout-flow wp-block-column-is-layout-flow\">\n<figure class=\"wp-block-image size-medium\"><img loading=\"lazy\" decoding=\"async\" width=\"300\" height=\"300\" src=\"https:\/\/www.catsnextlove.nl\/wp-content\/uploads\/2021\/10\/Mojito-300x300.png\" alt=\"\" class=\"wp-image-391\" srcset=\"https:\/\/www.catsnextlove.nl\/wp-content\/uploads\/2021\/10\/Mojito-300x300.png 300w, https:\/\/www.catsnextlove.nl\/wp-content\/uploads\/2021\/10\/Mojito-80x80.png 80w, https:\/\/www.catsnextlove.nl\/wp-content\/uploads\/2021\/10\/Mojito-60x60.png 60w, https:\/\/www.catsnextlove.nl\/wp-content\/uploads\/2021\/10\/Mojito.png 581w\" sizes=\"auto, (max-width: 300px) 100vw, 300px\" \/><figcaption><strong>Mojito<\/strong><\/figcaption><\/figure>\n<\/div>\n<\/div>\n<\/div>\n\n\n\n<div class=\"wp-block-column is-layout-flow wp-block-column-is-layout-flow\">\n<div class=\"wp-block-columns is-layout-flex wp-container-core-columns-is-layout-9d6595d7 wp-block-columns-is-layout-flex\">\n<div class=\"wp-block-column is-layout-flow wp-block-column-is-layout-flow\">\n<figure class=\"wp-block-image size-medium\"><img loading=\"lazy\" decoding=\"async\" width=\"300\" height=\"300\" src=\"https:\/\/www.catsnextlove.nl\/wp-content\/uploads\/2021\/10\/Strawberry-300x300.png\" alt=\"\" class=\"wp-image-423\" srcset=\"https:\/\/www.catsnextlove.nl\/wp-content\/uploads\/2021\/10\/Strawberry-300x300.png 300w, https:\/\/www.catsnextlove.nl\/wp-content\/uploads\/2021\/10\/Strawberry-80x80.png 80w, https:\/\/www.catsnextlove.nl\/wp-content\/uploads\/2021\/10\/Strawberry-60x60.png 60w, https:\/\/www.catsnextlove.nl\/wp-content\/uploads\/2021\/10\/Strawberry.png 581w\" sizes=\"auto, (max-width: 300px) 100vw, 300px\" \/><figcaption><strong>Strawberry<\/strong><\/figcaption><\/figure>\n<\/div>\n\n\n\n<div class=\"wp-block-column is-layout-flow wp-block-column-is-layout-flow\">\n<figure class=\"wp-block-image size-medium\"><img decoding=\"async\" src=\"https:\/\/www.catsnextlove.nl\/wp-content\/uploads\/2021\/10\/Sunflower-300x300.png\" alt=\"\" class=\"wp-image-396\"\/><figcaption><strong>Sunflower<\/strong><\/figcaption><\/figure>\n<\/div>\n<\/div>\n<\/div>\n<\/div>\n\n\n\n<div class=\"wp-block-columns is-layout-flex wp-container-core-columns-is-layout-9d6595d7 wp-block-columns-is-layout-flex\">\n<div class=\"wp-block-column is-layout-flow wp-block-column-is-layout-flow\">\n<p>Van de Marble, de Mojito en de Strawberry hebben we nog wat materiaal op voorraad. Neem eventueel eerst contact op, als je iets besteld wilt hebben in die kleuren; dan kunnen we bekijken of we daarvoor nog voldoende hebben. <\/p>\n\n\n\n<div class=\"wp-block-columns is-layout-flex wp-container-core-columns-is-layout-9d6595d7 wp-block-columns-is-layout-flex\">\n<div class=\"wp-block-column is-layout-flow wp-block-column-is-layout-flow\">\n<p><img loading=\"lazy\" decoding=\"async\" width=\"35\" height=\"35\" class=\"wp-image-383\" style=\"width: 35px;\" src=\"https:\/\/www.catsnextlove.nl\/wp-content\/uploads\/2021\/10\/email.png\" alt=\"\" srcset=\"https:\/\/www.catsnextlove.nl\/wp-content\/uploads\/2021\/10\/email.png 512w, https:\/\/www.catsnextlove.nl\/wp-content\/uploads\/2021\/10\/email-300x300.png 300w, https:\/\/www.catsnextlove.nl\/wp-content\/uploads\/2021\/10\/email-80x80.png 80w, https:\/\/www.catsnextlove.nl\/wp-content\/uploads\/2021\/10\/email-60x60.png 60w\" sizes=\"auto, (max-width: 35px) 100vw, 35px\" \/> <a href=\"mailto:info@catsnextlove.nl\">info@catsnextlove.nl<\/a><\/p>\n<\/div>\n\n\n\n<div class=\"wp-block-column is-layout-flow wp-block-column-is-layout-flow\">\n<p><img loading=\"lazy\" decoding=\"async\" width=\"35\" height=\"35\" class=\"wp-image-380\" style=\"width: 35px;\" src=\"https:\/\/www.catsnextlove.nl\/wp-content\/uploads\/2021\/10\/whatsapp.png\" alt=\"\" srcset=\"https:\/\/www.catsnextlove.nl\/wp-content\/uploads\/2021\/10\/whatsapp.png 512w, https:\/\/www.catsnextlove.nl\/wp-content\/uploads\/2021\/10\/whatsapp-300x300.png 300w, https:\/\/www.catsnextlove.nl\/wp-content\/uploads\/2021\/10\/whatsapp-80x80.png 80w, https:\/\/www.catsnextlove.nl\/wp-content\/uploads\/2021\/10\/whatsapp-60x60.png 60w\" sizes=\"auto, (max-width: 35px) 100vw, 35px\" \/> <a href=\"https:\/\/wa.me\/31653977700\">WhatsApp met ons<\/a><\/p>\n<\/div>\n<\/div>\n\n\n\n<p>15 nov. 2021<\/p>\n\n\n\n<p class=\"has-drop-cap\" id=\"block-e500722c-ab6b-46d9-80a8-1e173739efdb\">Er zijn nieuwe kleuren opgenomen in de collectie en deze kunnen dus ook per direct voor alle producten uit de webshop gekozen worden: <\/p>\n\n\n\n<div class=\"wp-block-columns is-layout-flex wp-container-core-columns-is-layout-9d6595d7 wp-block-columns-is-layout-flex\">\n<div class=\"wp-block-column is-layout-flow wp-block-column-is-layout-flow\">\n<div class=\"wp-block-columns is-layout-flex wp-container-core-columns-is-layout-9d6595d7 wp-block-columns-is-layout-flex\">\n<div class=\"wp-block-column is-layout-flow wp-block-column-is-layout-flow\">\n<figure class=\"wp-block-image size-medium\"><img decoding=\"async\" src=\"https:\/\/www.catsnextlove.nl\/wp-content\/uploads\/2021\/11\/Caramel-300x300.png\" alt=\"\" class=\"wp-image-9163\"\/><figcaption><strong>Caramel<\/strong><\/figcaption><\/figure>\n<\/div>\n\n\n\n<div class=\"wp-block-column is-layout-flow wp-block-column-is-layout-flow\">\n<figure class=\"wp-block-image size-medium\"><img decoding=\"async\" src=\"https:\/\/www.catsnextlove.nl\/wp-content\/uploads\/2021\/11\/Nude-300x300.png\" alt=\"\" class=\"wp-image-9164\"\/><figcaption><strong>Nude<\/strong><\/figcaption><\/figure>\n<\/div>\n<\/div>\n<\/div>\n\n\n\n<div class=\"wp-block-column is-layout-flow wp-block-column-is-layout-flow\">\n<div class=\"wp-block-columns is-layout-flex wp-container-core-columns-is-layout-9d6595d7 wp-block-columns-is-layout-flex\">\n<div class=\"wp-block-column is-layout-flow wp-block-column-is-layout-flow\"><\/div>\n\n\n\n<div class=\"wp-block-column is-layout-flow wp-block-column-is-layout-flow\"><\/div>\n<\/div>\n<\/div>\n<\/div>\n<\/div>\n<\/div>\n\n\n\n<p>25 okt. 2021<\/p>\n\n\n\n<p class=\"has-drop-cap\">Een aantal van de kleuren die slecht leverbaar waren, hebben we recent toch kunnen bestellen. Helaas zijn nog niet alle kleuren daarmee  leverbaar geworden.  <br>Momenteel gaat het nog om de volgende kleur die lastig leverbaar is: <\/p>\n\n\n\n<div class=\"wp-block-columns is-layout-flex wp-container-core-columns-is-layout-9d6595d7 wp-block-columns-is-layout-flex\">\n<div class=\"wp-block-column is-layout-flow wp-block-column-is-layout-flow\">\n<div class=\"wp-block-columns is-layout-flex wp-container-core-columns-is-layout-9d6595d7 wp-block-columns-is-layout-flex\">\n<div class=\"wp-block-column is-layout-flow wp-block-column-is-layout-flow\">\n<figure class=\"wp-block-image size-medium is-resized\"><img loading=\"lazy\" decoding=\"async\" src=\"https:\/\/www.catsnextlove.nl\/wp-content\/uploads\/2021\/10\/Laurel-300x300.png\" alt=\"\" class=\"wp-image-410\" width=\"225\" height=\"225\"\/><figcaption><strong>Laurel<\/strong><\/figcaption><\/figure>\n<\/div>\n<\/div>\n<\/div>\n<\/div>\n\n\n\n<p>22 okt. 2021<\/p>\n\n\n\n<p class=\"has-drop-cap\">Op dit moment zijn niet alle kleuren bij de leverancier goed leverbaar. Dat resulteert erin, dat sommige kleuren, die wij zelf niet op voorraad hebben, pas vertraagd ingekocht kunnen worden en dat levering van onze producten dus ook vertraging oploopt. <br>Momenteel gaat het om de volgende kleuren: <\/p>\n\n\n\n<div class=\"wp-block-columns is-layout-flex wp-container-core-columns-is-layout-9d6595d7 wp-block-columns-is-layout-flex\">\n<div class=\"wp-block-column is-layout-flow wp-block-column-is-layout-flow\">\n<div class=\"wp-block-columns is-layout-flex wp-container-core-columns-is-layout-9d6595d7 wp-block-columns-is-layout-flex\">\n<div class=\"wp-block-column is-layout-flow wp-block-column-is-layout-flow\">\n<figure class=\"wp-block-image size-medium\"><img decoding=\"async\" src=\"https:\/\/www.catsnextlove.nl\/wp-content\/uploads\/2021\/10\/Beige-300x300.png\" alt=\"\" class=\"wp-image-420\"\/><figcaption><strong>Beige<\/strong><\/figcaption><\/figure>\n<\/div>\n\n\n\n<div class=\"wp-block-column is-layout-flow wp-block-column-is-layout-flow\">\n<figure class=\"wp-block-image size-medium\"><img decoding=\"async\" src=\"https:\/\/www.catsnextlove.nl\/wp-content\/uploads\/2021\/10\/Laurel-300x300.png\" alt=\"\" class=\"wp-image-410\"\/><figcaption><strong>Laurel<\/strong><\/figcaption><\/figure>\n<\/div>\n<\/div>\n<\/div>\n\n\n\n<div class=\"wp-block-column is-layout-flow wp-block-column-is-layout-flow\">\n<div class=\"wp-block-columns is-layout-flex wp-container-core-columns-is-layout-9d6595d7 wp-block-columns-is-layout-flex\">\n<div class=\"wp-block-column is-layout-flow wp-block-column-is-layout-flow\">\n<figure class=\"wp-block-image size-medium\"><img decoding=\"async\" src=\"https:\/\/www.catsnextlove.nl\/wp-content\/uploads\/2021\/10\/Misty-300x300.png\" alt=\"\" class=\"wp-image-407\"\/><figcaption><strong>Misty<\/strong><\/figcaption><\/figure>\n<\/div>\n\n\n\n<div class=\"wp-block-column is-layout-flow wp-block-column-is-layout-flow\">\n<figure class=\"wp-block-image size-medium\"><img decoding=\"async\" src=\"https:\/\/www.catsnextlove.nl\/wp-content\/uploads\/2021\/10\/Sand-300x300.png\" alt=\"\" class=\"wp-image-399\"\/><figcaption><strong>Sand<\/strong><\/figcaption><\/figure>\n<\/div>\n<\/div>\n<\/div>\n<\/div>\n\n\n\n<p>Uiteraard doen we ons best onze voorraad garen zo spoedig mogelijk aan te vullen. Mocht je toch een grote voorkeur hebben voor \u00e9\u00e9n van deze kleuren, neem dan v\u00f3\u00f3r het bestellen contact met ons op, zodat we kunnen proberen een tijdpad aan te geven of een alternatief aan te bieden. <\/p>\n\n\n\n<div class=\"wp-block-columns is-layout-flex wp-container-core-columns-is-layout-9d6595d7 wp-block-columns-is-layout-flex\">\n<div class=\"wp-block-column is-layout-flow wp-block-column-is-layout-flow\">\n<p><img loading=\"lazy\" decoding=\"async\" width=\"35\" height=\"35\" class=\"wp-image-383\" style=\"width: 35px;\" src=\"https:\/\/www.catsnextlove.nl\/wp-content\/uploads\/2021\/10\/email.png\" alt=\"\" srcset=\"https:\/\/www.catsnextlove.nl\/wp-content\/uploads\/2021\/10\/email.png 512w, https:\/\/www.catsnextlove.nl\/wp-content\/uploads\/2021\/10\/email-300x300.png 300w, https:\/\/www.catsnextlove.nl\/wp-content\/uploads\/2021\/10\/email-80x80.png 80w, https:\/\/www.catsnextlove.nl\/wp-content\/uploads\/2021\/10\/email-60x60.png 60w\" sizes=\"auto, (max-width: 35px) 100vw, 35px\" \/> <a href=\"mailto:info@catsnextlove.nl\">info@catsnextlove.nl<\/a><\/p>\n<\/div>\n\n\n\n<div class=\"wp-block-column is-layout-flow wp-block-column-is-layout-flow\">\n<p><img loading=\"lazy\" decoding=\"async\" width=\"35\" height=\"35\" class=\"wp-image-380\" style=\"width: 35px;\" src=\"https:\/\/www.catsnextlove.nl\/wp-content\/uploads\/2021\/10\/whatsapp.png\" alt=\"\" srcset=\"https:\/\/www.catsnextlove.nl\/wp-content\/uploads\/2021\/10\/whatsapp.png 512w, https:\/\/www.catsnextlove.nl\/wp-content\/uploads\/2021\/10\/whatsapp-300x300.png 300w, https:\/\/www.catsnextlove.nl\/wp-content\/uploads\/2021\/10\/whatsapp-80x80.png 80w, https:\/\/www.catsnextlove.nl\/wp-content\/uploads\/2021\/10\/whatsapp-60x60.png 60w\" sizes=\"auto, (max-width: 35px) 100vw, 35px\" \/> <a href=\"https:\/\/wa.me\/31653977700\">WhatsApp met ons<\/a><\/p>\n<\/div>\n<\/div>\n\n\n\n<p><\/p>\n","protected":false},"excerpt":{"rendered":"<p>28 nov. 2021 Een aantal van de kleuren die slecht leverbaar waren, hebben we recent toch kunnen bestellen. Helaas zijn nog niet alle kleuren daarmee leverbaar geworden. Momenteel gaat het nog om de volgende kleuren die lastig leverbaar zijn: Daarnaast zijn de gelimiteerde zomerkleuren niet (of nauwelijks) meer (bij) te bestellen: Van de Marble, de &hellip; <\/p>\n","protected":false},"author":4,"featured_media":0,"parent":316,"menu_order":0,"comment_status":"closed","ping_status":"closed","template":"","meta":{"_joinchat":[],"footnotes":""},"class_list":["post-7870","page","type-page","status-publish","hentry"],"_links":{"self":[{"href":"https:\/\/www.catsnextlove.nl\/home\/wp-json\/wp\/v2\/pages\/7870","targetHints":{"allow":["GET"]}}],"collection":[{"href":"https:\/\/www.catsnextlove.nl\/home\/wp-json\/wp\/v2\/pages"}],"about":[{"href":"https:\/\/www.catsnextlove.nl\/home\/wp-json\/wp\/v2\/types\/page"}],"author":[{"embeddable":true,"href":"https:\/\/www.catsnextlove.nl\/home\/wp-json\/wp\/v2\/users\/4"}],"replies":[{"embeddable":true,"href":"https:\/\/www.catsnextlove.nl\/home\/wp-json\/wp\/v2\/comments?post=7870"}],"version-history":[{"count":10,"href":"https:\/\/www.catsnextlove.nl\/home\/wp-json\/wp\/v2\/pages\/7870\/revisions"}],"predecessor-version":[{"id":9787,"href":"https:\/\/www.catsnextlove.nl\/home\/wp-json\/wp\/v2\/pages\/7870\/revisions\/9787"}],"up":[{"embeddable":true,"href":"https:\/\/www.catsnextlove.nl\/home\/wp-json\/wp\/v2\/pages\/316"}],"wp:attachment":[{"href":"https:\/\/www.catsnextlove.nl\/home\/wp-json\/wp\/v2\/media?parent=7870"}],"curies":[{"name":"wp","href":"https:\/\/api.w.org\/{rel}","templated":true}]}}