{"id":122,"date":"2021-08-26T16:51:53","date_gmt":"2021-08-26T16:51:53","guid":{"rendered":"https:\/\/www.catsnextlove.nl\/?page_id=122"},"modified":"2022-04-10T08:32:05","modified_gmt":"2022-04-10T08:32:05","slug":"home","status":"publish","type":"page","link":"https:\/\/www.catsnextlove.nl\/home\/en\/","title":{"rendered":"Home"},"content":{"rendered":"<div class=\"wp-block-columns is-layout-flex wp-container-core-columns-is-layout-9d6595d7 wp-block-columns-is-layout-flex\">\n<div class=\"wp-block-column is-layout-flow wp-block-column-is-layout-flow\">\n<figure class=\"wp-block-image size-large\"><img loading=\"lazy\" decoding=\"async\" width=\"773\" height=\"1030\" src=\"https:\/\/www.catsnextlove.nl\/wp-content\/uploads\/2022\/04\/IMG_2654-773x1030.jpeg\" alt=\"\" class=\"wp-image-16912\" srcset=\"https:\/\/www.catsnextlove.nl\/wp-content\/uploads\/2022\/04\/IMG_2654-773x1030.jpeg 773w, https:\/\/www.catsnextlove.nl\/wp-content\/uploads\/2022\/04\/IMG_2654-225x300.jpeg 225w, https:\/\/www.catsnextlove.nl\/wp-content\/uploads\/2022\/04\/IMG_2654-768x1023.jpeg 768w, https:\/\/www.catsnextlove.nl\/wp-content\/uploads\/2022\/04\/IMG_2654-1153x1536.jpeg 1153w, https:\/\/www.catsnextlove.nl\/wp-content\/uploads\/2022\/04\/IMG_2654-1537x2048.jpeg 1537w, https:\/\/www.catsnextlove.nl\/wp-content\/uploads\/2022\/04\/IMG_2654-9x12.jpeg 9w, https:\/\/www.catsnextlove.nl\/wp-content\/uploads\/2022\/04\/IMG_2654-45x60.jpeg 45w, https:\/\/www.catsnextlove.nl\/wp-content\/uploads\/2022\/04\/IMG_2654-600x799.jpeg 600w, https:\/\/www.catsnextlove.nl\/wp-content\/uploads\/2022\/04\/IMG_2654-scaled.jpeg 1921w\" sizes=\"auto, (max-width: 773px) 100vw, 773px\" \/><\/figure>\n<\/div>\n\n\n\n<div class=\"wp-block-column is-layout-flow wp-block-column-is-layout-flow\">\n<p class=\"has-drop-cap\">Are you familiar with that? You have bought something nice for your cat, you will find that the cat is more interested in the box it came in. And that box just doesn't fit your carefully styled home.<\/p>\n\n\n\n<p>Alleen is er iets bijzonders aan de items van Cat\u2019s Next Love \u2661: poezen zijn er <strong>love<\/strong> op! <\/p>\n\n\n\n<p>As soon as you order and receive our items, your cat will fall in love with them. This is the basket they w\u00edll lie in and these are the toys they w\u00edll play with. And the good thing is; you can order these accessories in s\u00f3 many colours, there\u015b always a colour, that\u015b a perfect match to your interior!<\/p>\n\n\n\n<p>We have a range of items like baskets and toys in our regular collection, as you will be able to find on our website. But please do challenge us to think with you about other cat-related-interior-wishes! <\/p>\n<\/div>\n<\/div>\n\n\n\n<div class=\"wp-block-columns is-layout-flex wp-container-core-columns-is-layout-9d6595d7 wp-block-columns-is-layout-flex\">\n<div class=\"wp-block-column is-layout-flow wp-block-column-is-layout-flow\">\n<div class=\"wp-block-columns is-layout-flex wp-container-core-columns-is-layout-9d6595d7 wp-block-columns-is-layout-flex\">\n<div class=\"wp-block-column is-layout-flow wp-block-column-is-layout-flow\" style=\"flex-basis:33.33%\">\n<figure class=\"wp-block-image size-thumbnail\"><a href=\"https:\/\/www.instagram.com\/catsnextlove\/\"><img loading=\"lazy\" decoding=\"async\" width=\"80\" height=\"80\" src=\"https:\/\/www.catsnextlove.nl\/wp-content\/uploads\/2021\/10\/instagram-2-80x80.png\" alt=\"\" class=\"wp-image-377\" srcset=\"https:\/\/www.catsnextlove.nl\/wp-content\/uploads\/2021\/10\/instagram-2-80x80.png 80w, https:\/\/www.catsnextlove.nl\/wp-content\/uploads\/2021\/10\/instagram-2-300x300.png 300w, https:\/\/www.catsnextlove.nl\/wp-content\/uploads\/2021\/10\/instagram-2-60x60.png 60w, https:\/\/www.catsnextlove.nl\/wp-content\/uploads\/2021\/10\/instagram-2.png 512w\" sizes=\"auto, (max-width: 80px) 100vw, 80px\" \/><\/a><\/figure>\n<\/div>\n\n\n\n<div class=\"wp-block-column is-layout-flow wp-block-column-is-layout-flow\" style=\"flex-basis:66.66%\">\n<p><a href=\"https:\/\/www.instagram.com\/catsnextlove\/\">Vind ons op Instagram<\/a><\/p>\n<\/div>\n<\/div>\n<\/div>\n\n\n\n<div class=\"wp-block-column is-layout-flow wp-block-column-is-layout-flow\">\n<div class=\"wp-block-columns is-layout-flex wp-container-core-columns-is-layout-9d6595d7 wp-block-columns-is-layout-flex\">\n<div class=\"wp-block-column is-layout-flow wp-block-column-is-layout-flow\" style=\"flex-basis:33.33%\">\n<figure class=\"wp-block-image size-thumbnail\"><a href=\"\/home\/en\/facebook.com\/catsnextlove\/\"><img loading=\"lazy\" decoding=\"async\" width=\"80\" height=\"80\" src=\"https:\/\/www.catsnextlove.nl\/wp-content\/uploads\/2021\/10\/facebook-logo-80x80.png\" alt=\"\" class=\"wp-image-379\" srcset=\"https:\/\/www.catsnextlove.nl\/wp-content\/uploads\/2021\/10\/facebook-logo-80x80.png 80w, https:\/\/www.catsnextlove.nl\/wp-content\/uploads\/2021\/10\/facebook-logo-300x300.png 300w, https:\/\/www.catsnextlove.nl\/wp-content\/uploads\/2021\/10\/facebook-logo-60x60.png 60w, https:\/\/www.catsnextlove.nl\/wp-content\/uploads\/2021\/10\/facebook-logo.png 512w\" sizes=\"auto, (max-width: 80px) 100vw, 80px\" \/><\/a><\/figure>\n<\/div>\n\n\n\n<div class=\"wp-block-column is-layout-flow wp-block-column-is-layout-flow\" style=\"flex-basis:66.66%\">\n<p><a href=\"https:\/\/www.facebook.com\/catsnextlove\/\">Vind ons op Facebook<\/a><\/p>\n<\/div>\n<\/div>\n<\/div>\n\n\n\n<div class=\"wp-block-column is-layout-flow wp-block-column-is-layout-flow\">\n<div class=\"wp-block-columns is-layout-flex wp-container-core-columns-is-layout-9d6595d7 wp-block-columns-is-layout-flex\">\n<div class=\"wp-block-column is-layout-flow wp-block-column-is-layout-flow\" style=\"flex-basis:33.33%\">\n<figure class=\"wp-block-image size-thumbnail\"><a href=\"https:\/\/wa.me\/31653977700\"><img loading=\"lazy\" decoding=\"async\" width=\"80\" height=\"80\" src=\"https:\/\/www.catsnextlove.nl\/wp-content\/uploads\/2021\/10\/whatsapp-80x80.png\" alt=\"\" class=\"wp-image-380\" srcset=\"https:\/\/www.catsnextlove.nl\/wp-content\/uploads\/2021\/10\/whatsapp-80x80.png 80w, https:\/\/www.catsnextlove.nl\/wp-content\/uploads\/2021\/10\/whatsapp-300x300.png 300w, https:\/\/www.catsnextlove.nl\/wp-content\/uploads\/2021\/10\/whatsapp-60x60.png 60w, https:\/\/www.catsnextlove.nl\/wp-content\/uploads\/2021\/10\/whatsapp.png 512w\" sizes=\"auto, (max-width: 80px) 100vw, 80px\" \/><\/a><\/figure>\n<\/div>\n\n\n\n<div class=\"wp-block-column is-layout-flow wp-block-column-is-layout-flow\" style=\"flex-basis:66.66%\">\n<p><a href=\"https:\/\/wa.me\/31653977700\">Vind ons via WhatsApp<\/a><\/p>\n<\/div>\n<\/div>\n<\/div>\n\n\n\n<div class=\"wp-block-column is-layout-flow wp-block-column-is-layout-flow\">\n<div class=\"wp-block-columns is-layout-flex wp-container-core-columns-is-layout-9d6595d7 wp-block-columns-is-layout-flex\">\n<div class=\"wp-block-column is-layout-flow wp-block-column-is-layout-flow\" style=\"flex-basis:33.33%\">\n<figure class=\"wp-block-image size-thumbnail\"><a href=\"mailto: info@catsnextlove.nl\"><img loading=\"lazy\" decoding=\"async\" width=\"80\" height=\"80\" src=\"https:\/\/www.catsnextlove.nl\/wp-content\/uploads\/2021\/10\/email-80x80.png\" alt=\"\" class=\"wp-image-383\" srcset=\"https:\/\/www.catsnextlove.nl\/wp-content\/uploads\/2021\/10\/email-80x80.png 80w, https:\/\/www.catsnextlove.nl\/wp-content\/uploads\/2021\/10\/email-300x300.png 300w, https:\/\/www.catsnextlove.nl\/wp-content\/uploads\/2021\/10\/email-60x60.png 60w, https:\/\/www.catsnextlove.nl\/wp-content\/uploads\/2021\/10\/email.png 512w\" sizes=\"auto, (max-width: 80px) 100vw, 80px\" \/><\/a><\/figure>\n<\/div>\n\n\n\n<div class=\"wp-block-column is-layout-flow wp-block-column-is-layout-flow\" style=\"flex-basis:66.66%\">\n<p><a href=\"mailto: info@catsnextlove.nl\">Vind ons via e-mail<\/a><\/p>\n<\/div>\n<\/div>\n<\/div>\n<\/div>\n\n\n\n<div class=\"wp-block-columns is-layout-flex wp-container-core-columns-is-layout-9d6595d7 wp-block-columns-is-layout-flex\">\n<div class=\"wp-block-column is-layout-flow wp-block-column-is-layout-flow\" style=\"flex-basis:66.66%\">\n<blockquote class=\"wp-block-quote is-layout-flow wp-block-quote-is-layout-flow\"><p>En honden mogen natuurlijk ook in onze manden en krijgen speeltjes om blij van te worden&#8230;!<\/p><\/blockquote>\n<\/div>\n\n\n\n<div class=\"wp-block-column is-layout-flow wp-block-column-is-layout-flow\" style=\"flex-basis:33.33%\">\n<div class=\"wp-block-image\"><figure class=\"aligncenter size-full\"><a href=\"https:\/\/www.catsnextlove.nl\/home\/en\/niet-voor-de-poes\/\"><img loading=\"lazy\" decoding=\"async\" width=\"591\" height=\"591\" src=\"https:\/\/www.catsnextlove.nl\/wp-content\/uploads\/2021\/09\/Logo-Next-Dog.jpg\" alt=\"\" class=\"wp-image-350\" srcset=\"https:\/\/www.catsnextlove.nl\/wp-content\/uploads\/2021\/09\/Logo-Next-Dog.jpg 591w, https:\/\/www.catsnextlove.nl\/wp-content\/uploads\/2021\/09\/Logo-Next-Dog-300x300.jpg 300w, https:\/\/www.catsnextlove.nl\/wp-content\/uploads\/2021\/09\/Logo-Next-Dog-80x80.jpg 80w, https:\/\/www.catsnextlove.nl\/wp-content\/uploads\/2021\/09\/Logo-Next-Dog-60x60.jpg 60w\" sizes=\"auto, (max-width: 591px) 100vw, 591px\" \/><\/a><\/figure><\/div>\n<\/div>\n<\/div>\n\n\n\n<div class=\"wp-block-columns is-layout-flex wp-container-core-columns-is-layout-9d6595d7 wp-block-columns-is-layout-flex\">\n<div class=\"wp-block-column is-layout-flow wp-block-column-is-layout-flow\">\n<div class=\"wp-block-columns is-layout-flex wp-container-core-columns-is-layout-9d6595d7 wp-block-columns-is-layout-flex\">\n<div class=\"wp-block-column is-layout-flow wp-block-column-is-layout-flow\">\n<h5 class=\"wp-block-heading\" id=\"gerecycled-garen\"><img loading=\"lazy\" decoding=\"async\" width=\"30\" height=\"30\" class=\"wp-image-327\" style=\"width: 30px;\" src=\"https:\/\/www.catsnextlove.nl\/wp-content\/uploads\/2021\/09\/ball-of-wool.png\" alt=\"\" srcset=\"https:\/\/www.catsnextlove.nl\/wp-content\/uploads\/2021\/09\/ball-of-wool.png 512w, https:\/\/www.catsnextlove.nl\/wp-content\/uploads\/2021\/09\/ball-of-wool-300x300.png 300w, https:\/\/www.catsnextlove.nl\/wp-content\/uploads\/2021\/09\/ball-of-wool-80x80.png 80w, https:\/\/www.catsnextlove.nl\/wp-content\/uploads\/2021\/09\/ball-of-wool-60x60.png 60w\" sizes=\"auto, (max-width: 30px) 100vw, 30px\" \/> Gerecycled garen<\/h5>\n\n\n\n<p>Het door ons gebruikte garen is mechanisch gerecycled katoen, met een polyester kern. Dit garen is gemaakt van afval uit de textielindustrie wat eerst geselecteerd is op kleur en vervolgens gerecycled. Op deze manier kan je een gekleurd garen produceren van afval, wat niet nogmaals gebleekt en geverfd hoeft te worden. Dit garen is dus duurzamer en heeft minder effect op het milieu, dan nieuw geproduceerd garen. <\/p>\n<\/div>\n\n\n\n<div class=\"wp-block-column is-layout-flow wp-block-column-is-layout-flow\">\n<h5 class=\"wp-block-heading\" id=\"veganistisch-leer\"><img loading=\"lazy\" decoding=\"async\" width=\"25\" height=\"25\" class=\"wp-image-328\" style=\"width: 25px;\" src=\"https:\/\/www.catsnextlove.nl\/wp-content\/uploads\/2021\/09\/plant-based.png\" alt=\"\" srcset=\"https:\/\/www.catsnextlove.nl\/wp-content\/uploads\/2021\/09\/plant-based.png 512w, https:\/\/www.catsnextlove.nl\/wp-content\/uploads\/2021\/09\/plant-based-300x300.png 300w, https:\/\/www.catsnextlove.nl\/wp-content\/uploads\/2021\/09\/plant-based-80x80.png 80w, https:\/\/www.catsnextlove.nl\/wp-content\/uploads\/2021\/09\/plant-based-60x60.png 60w\" sizes=\"auto, (max-width: 25px) 100vw, 25px\" \/> Veganistisch leer<\/h5>\n\n\n\n<p>Het door ons gebruikte leer voor het label van Cat&#8217;s Next Love \u2661 is gemaakt van &#8216;veganistisch leer&#8217;. Veganistisch leer is in wezen nep-\u2018leer\u2019 waarbij geen dierenhuid wordt gebruikt. Dit vegan leer heeft een speciale coating, waardoor het dicht in de buurt komt van het gevoel van echt leer. Met het blote oog is het bijna niet te onderscheiden van dierlijk leer, alleen hebben er dus geen dieren voor geleden.<\/p>\n<\/div>\n\n\n\n<div class=\"wp-block-column is-layout-flow wp-block-column-is-layout-flow\">\n<h5 class=\"wp-block-heading\" id=\"handgemaakt\"><img loading=\"lazy\" decoding=\"async\" width=\"30\" height=\"30\" class=\"wp-image-329\" style=\"width: 30px;\" src=\"https:\/\/www.catsnextlove.nl\/wp-content\/uploads\/2021\/09\/hand-made.png\" alt=\"\" srcset=\"https:\/\/www.catsnextlove.nl\/wp-content\/uploads\/2021\/09\/hand-made.png 512w, https:\/\/www.catsnextlove.nl\/wp-content\/uploads\/2021\/09\/hand-made-300x300.png 300w, https:\/\/www.catsnextlove.nl\/wp-content\/uploads\/2021\/09\/hand-made-80x80.png 80w, https:\/\/www.catsnextlove.nl\/wp-content\/uploads\/2021\/09\/hand-made-60x60.png 60w\" sizes=\"auto, (max-width: 30px) 100vw, 30px\" \/> Handgemaakt<\/h5>\n\n\n\n<p>Al onze items die wij verkopen, zijn handgemaakt. Er zijn dan ook geen twee exact dezelfde exemplaren te vinden. Alles wordt met veel toewijding en aandacht voor jou specifiek gemaakt. We hebben weinig voorraad, zodat we voor jou kunnen maken wat het beste bij jou en jouw kat(ten) past. <br>Dat betekent dat we niet per s\u00e9 snel leveren, maar wel met heel veel persoonlijke aandacht. <\/p>\n<\/div>\n<\/div>\n<\/div>\n<\/div>","protected":false},"excerpt":{"rendered":"<p>Ken je dat? Als je iets leuks gekocht hebt voor je poezel, kom je erachter dat de kat meer interesse heeft in de doos waarin het bezorgd werd. En die doos past nou net niet bij jouw zorgvuldig bij elkaar gestylede huis. Alleen is er iets bijzonders aan de items van Cat\u2019s Next Love \u2661: &hellip; <\/p>","protected":false},"author":1,"featured_media":0,"parent":0,"menu_order":0,"comment_status":"closed","ping_status":"closed","template":"","meta":{"_joinchat":[],"footnotes":""},"class_list":["post-122","page","type-page","status-publish","hentry"],"_links":{"self":[{"href":"https:\/\/www.catsnextlove.nl\/home\/en\/wp-json\/wp\/v2\/pages\/122","targetHints":{"allow":["GET"]}}],"collection":[{"href":"https:\/\/www.catsnextlove.nl\/home\/en\/wp-json\/wp\/v2\/pages"}],"about":[{"href":"https:\/\/www.catsnextlove.nl\/home\/en\/wp-json\/wp\/v2\/types\/page"}],"author":[{"embeddable":true,"href":"https:\/\/www.catsnextlove.nl\/home\/en\/wp-json\/wp\/v2\/users\/1"}],"replies":[{"embeddable":true,"href":"https:\/\/www.catsnextlove.nl\/home\/en\/wp-json\/wp\/v2\/comments?post=122"}],"version-history":[{"count":48,"href":"https:\/\/www.catsnextlove.nl\/home\/en\/wp-json\/wp\/v2\/pages\/122\/revisions"}],"predecessor-version":[{"id":16922,"href":"https:\/\/www.catsnextlove.nl\/home\/en\/wp-json\/wp\/v2\/pages\/122\/revisions\/16922"}],"wp:attachment":[{"href":"https:\/\/www.catsnextlove.nl\/home\/en\/wp-json\/wp\/v2\/media?parent=122"}],"curies":[{"name":"wp","href":"https:\/\/api.w.org\/{rel}","templated":true}]}}